{"id":2,"date":"2022-08-11T06:25:14","date_gmt":"2022-08-11T06:25:14","guid":{"rendered":"https:\/\/apartmanribic.com\/?page_id=2"},"modified":"2024-05-23T11:43:28","modified_gmt":"2024-05-23T11:43:28","slug":"apartman-1-ribic","status":"publish","type":"page","link":"https:\/\/apartmanribic.com\/index.php\/apartman-1-ribic\/","title":{"rendered":"Apartman 1 &#8211; RIBI\u010c Ogulin"},"content":{"rendered":"\n<p>Apartman 1 &#8211; RIBI\u010c Ogulin nalazi se u gradu Bajki, u mirnoj ulici 500 m od centra grada Ogulina.<\/p>\n\n\n\n<p>Kapacitet apartmana je 3+1 osoba (soba je opremljena bra\u010dnim krevetom i krevetom za jednu osobu, a u dnevnom boravku nalazi veliki trosjed). Apartman je samostalni objekt &#8211; ku\u0107a.<br><\/p>\n\n\n\n<p>Djeci u dobi do 4 godine na raspolaganju je dje\u010dji kreveti\u0107.<\/p>\n\n\n\n<p><br>\u2744\ufe0f Klima ure\u0111aj<br>\ud83d\udd25 Grijanje na drva-kaminska pe\u0107<br>\ud83d\udc6a Sadr\u017eaj za djecu u apartmanu i ispred apartmana<br>\ud83d\ude97 Besplatni parking<br>\ud83d\udcfa Tv i Wi-Fi<br>\u2b50\u2b50\u2b50 Apartman je opremljen sa svim potrebnim kako bi se osje\u0107ali ugodno i zadovoljno.<\/p>\n\n\n\n<p>Od opreme na raspolaganju je tv, internet, hladnjak, mikrovalna, kuhalo za vodu, toster, posu\u0111e i pribor za jelo, perilica rublja, su\u0161ilo za kosu te kozmeti\u010dki set.<\/p>\n\n\n<div class=\"wp-block-image\">\n<figure class=\"aligncenter size-full\"><a href=\"https:\/\/apartmanribic.com\/index.php\/galerija\/\"><img loading=\"lazy\" decoding=\"async\" width=\"1000\" height=\"1000\" src=\"https:\/\/apartmanribic.com\/wp-content\/uploads\/2024\/05\/A1.jpg\" alt=\"\" class=\"wp-image-202\" srcset=\"https:\/\/apartmanribic.com\/wp-content\/uploads\/2024\/05\/A1.jpg 1000w, https:\/\/apartmanribic.com\/wp-content\/uploads\/2024\/05\/A1-300x300.jpg 300w, https:\/\/apartmanribic.com\/wp-content\/uploads\/2024\/05\/A1-150x150.jpg 150w, https:\/\/apartmanribic.com\/wp-content\/uploads\/2024\/05\/A1-768x768.jpg 768w, https:\/\/apartmanribic.com\/wp-content\/uploads\/2024\/05\/A1-850x850.jpg 850w\" sizes=\"auto, (max-width: 1000px) 100vw, 1000px\" \/><\/a><\/figure>\n<\/div>\n\n\n<p><\/p>\n\n\n\n<p class=\"has-text-align-center\"><strong><a href=\"https:\/\/apartmanribic.com\/index.php\/galerija\/\">Apartman 1 &#8211; RIBI\u010c &#8211; galerija fotografija<\/a><\/strong><\/p>\n","protected":false},"excerpt":{"rendered":"<p>Apartman 1 &#8211; RIBI\u010c Ogulin nalazi se u gradu Bajki, u mirnoj ulici 500 m od centra grada Ogulina. Kapacitet apartmana je 3+1 osoba (soba je opremljena bra\u010dnim krevetom i krevetom za jednu osobu, a u dnevnom boravku nalazi veliki trosjed). Apartman je samostalni objekt &#8211; ku\u0107a. Djeci u dobi do 4 godine na raspolaganju&#8230;<\/p>\n","protected":false},"author":1,"featured_media":0,"parent":0,"menu_order":0,"comment_status":"closed","ping_status":"open","template":"","meta":{"om_disable_all_campaigns":false,"_monsterinsights_skip_tracking":false,"_monsterinsights_sitenote_active":false,"_monsterinsights_sitenote_note":"","_monsterinsights_sitenote_category":0,"ngg_post_thumbnail":0,"footnotes":""},"class_list":["post-2","page","type-page","status-publish","hentry"],"aioseo_notices":[],"_links":{"self":[{"href":"https:\/\/apartmanribic.com\/index.php\/wp-json\/wp\/v2\/pages\/2","targetHints":{"allow":["GET"]}}],"collection":[{"href":"https:\/\/apartmanribic.com\/index.php\/wp-json\/wp\/v2\/pages"}],"about":[{"href":"https:\/\/apartmanribic.com\/index.php\/wp-json\/wp\/v2\/types\/page"}],"author":[{"embeddable":true,"href":"https:\/\/apartmanribic.com\/index.php\/wp-json\/wp\/v2\/users\/1"}],"replies":[{"embeddable":true,"href":"https:\/\/apartmanribic.com\/index.php\/wp-json\/wp\/v2\/comments?post=2"}],"version-history":[{"count":17,"href":"https:\/\/apartmanribic.com\/index.php\/wp-json\/wp\/v2\/pages\/2\/revisions"}],"predecessor-version":[{"id":210,"href":"https:\/\/apartmanribic.com\/index.php\/wp-json\/wp\/v2\/pages\/2\/revisions\/210"}],"wp:attachment":[{"href":"https:\/\/apartmanribic.com\/index.php\/wp-json\/wp\/v2\/media?parent=2"}],"curies":[{"name":"wp","href":"https:\/\/api.w.org\/{rel}","templated":true}]}}