{"id":88,"date":"2022-08-13T10:18:47","date_gmt":"2022-08-13T10:18:47","guid":{"rendered":"https:\/\/apartmanribic.com\/?page_id=88"},"modified":"2022-08-22T19:33:19","modified_gmt":"2022-08-22T19:33:19","slug":"vodic-aktivnosti","status":"publish","type":"page","link":"https:\/\/apartmanribic.com\/index.php\/vodic-aktivnosti\/","title":{"rendered":"Vodi\u010d aktivnosti"},"content":{"rendered":"\n<p><strong>Vodi\u010d aktivnosti i prakti\u010dne informacije s udaljenostima od Apartmana RIBI\u010c<\/strong>:<\/p>\n\n\n\n<figure class=\"wp-block-gallery has-nested-images columns-default is-cropped wp-block-gallery-1 is-layout-flex wp-block-gallery-is-layout-flex\">\n<figure class=\"wp-block-image size-large\"><a href=\"https:\/\/apartmanribic.com\/wp-content\/uploads\/2022\/08\/14.jpg\"><img loading=\"lazy\" decoding=\"async\" width=\"725\" height=\"1024\" data-id=\"91\" src=\"https:\/\/apartmanribic.com\/wp-content\/uploads\/2022\/08\/14.jpg\" alt=\"\" class=\"wp-image-91\" srcset=\"https:\/\/apartmanribic.com\/wp-content\/uploads\/2022\/08\/14.jpg 725w, https:\/\/apartmanribic.com\/wp-content\/uploads\/2022\/08\/14-212x300.jpg 212w, https:\/\/apartmanribic.com\/wp-content\/uploads\/2022\/08\/14-300x424.jpg 300w\" sizes=\"auto, (max-width: 725px) 100vw, 725px\" \/><\/a><\/figure>\n\n\n\n<figure class=\"wp-block-image size-large\"><a href=\"https:\/\/apartmanribic.com\/wp-content\/uploads\/2022\/08\/15.jpg\"><img loading=\"lazy\" decoding=\"async\" width=\"725\" height=\"1024\" data-id=\"92\" src=\"https:\/\/apartmanribic.com\/wp-content\/uploads\/2022\/08\/15.jpg\" alt=\"\" class=\"wp-image-92\" srcset=\"https:\/\/apartmanribic.com\/wp-content\/uploads\/2022\/08\/15.jpg 725w, https:\/\/apartmanribic.com\/wp-content\/uploads\/2022\/08\/15-212x300.jpg 212w, https:\/\/apartmanribic.com\/wp-content\/uploads\/2022\/08\/15-300x424.jpg 300w\" sizes=\"auto, (max-width: 725px) 100vw, 725px\" \/><\/a><\/figure>\n<\/figure>\n","protected":false},"excerpt":{"rendered":"<p>Vodi\u010d aktivnosti i prakti\u010dne informacije s udaljenostima od Apartmana RIBI\u010c:<\/p>\n","protected":false},"author":1,"featured_media":0,"parent":0,"menu_order":0,"comment_status":"closed","ping_status":"closed","template":"","meta":{"om_disable_all_campaigns":false,"_monsterinsights_skip_tracking":false,"_monsterinsights_sitenote_active":false,"_monsterinsights_sitenote_note":"","_monsterinsights_sitenote_category":0,"ngg_post_thumbnail":0,"footnotes":""},"class_list":["post-88","page","type-page","status-publish","hentry"],"aioseo_notices":[],"_links":{"self":[{"href":"https:\/\/apartmanribic.com\/index.php\/wp-json\/wp\/v2\/pages\/88","targetHints":{"allow":["GET"]}}],"collection":[{"href":"https:\/\/apartmanribic.com\/index.php\/wp-json\/wp\/v2\/pages"}],"about":[{"href":"https:\/\/apartmanribic.com\/index.php\/wp-json\/wp\/v2\/types\/page"}],"author":[{"embeddable":true,"href":"https:\/\/apartmanribic.com\/index.php\/wp-json\/wp\/v2\/users\/1"}],"replies":[{"embeddable":true,"href":"https:\/\/apartmanribic.com\/index.php\/wp-json\/wp\/v2\/comments?post=88"}],"version-history":[{"count":9,"href":"https:\/\/apartmanribic.com\/index.php\/wp-json\/wp\/v2\/pages\/88\/revisions"}],"predecessor-version":[{"id":130,"href":"https:\/\/apartmanribic.com\/index.php\/wp-json\/wp\/v2\/pages\/88\/revisions\/130"}],"wp:attachment":[{"href":"https:\/\/apartmanribic.com\/index.php\/wp-json\/wp\/v2\/media?parent=88"}],"curies":[{"name":"wp","href":"https:\/\/api.w.org\/{rel}","templated":true}]}}